{"id":3946,"date":"2017-10-31T07:44:25","date_gmt":"2017-10-31T07:44:25","guid":{"rendered":"http:\/\/demo2.drfuri.com\/manufactory\/?page_id=32"},"modified":"2023-11-30T13:43:29","modified_gmt":"2023-11-30T11:43:29","slug":"about-us","status":"publish","type":"page","link":"https:\/\/apex-plant.com\/pl\/about-us\/","title":{"rendered":"O nas"},"content":{"rendered":"<section class=\"wpb-content-wrapper\"><p>[vc_row][vc_column]<div class=\"mf-empty-space \" style=\"\"><div class=\"mf_empty_space_lg\"  style=\"height: 80px\"><\/div><div class=\"mf_empty_space_md\"  style=\"height: 50px\"><\/div><div class=\"mf_empty_space_xs\"  style=\"height: 50px\"><\/div><\/div>[\/vc_column][\/vc_row][vc_row][vc_column css_animation=&#8221;fadeIn&#8221; width=&#8221;1\/4&#8243; offset=&#8221;vc_col-lg-4 vc_col-md-12&#8243;][vc_single_image image=&#8221;4471&#8243; img_size=&#8221;370&#215;360&#8243;]<div class=\"mf-empty-space \" style=\"\"><div class=\"mf_empty_space_lg\"  style=\"height: 50px\"><\/div><div class=\"mf_empty_space_md\"  style=\"height: 30px\"><\/div><div class=\"mf_empty_space_xs\"  style=\"height: 30px\"><\/div><\/div>[\/vc_column][vc_column css_animation=&#8221;fadeIn&#8221; width=&#8221;1\/2&#8243; offset=&#8221;vc_col-lg-4 vc_col-md-12&#8243;][vc_custom_heading text=&#8221;Firma \u201eSTOWARZYSZENIE NAUKOWO-PRODUKCYJNE Apeks Plant\u201d specjalizuje si\u0119 w produkcji wysokojako\u015bciowych pojemnik\u00f3w plastikowych, kt\u00f3re przeznaczone s\u0105 do r\u00f3\u017cnych potrzeb i bran\u017c. Zawsze chcemy dostarcza\u0107 Pa\u0144stwu tylko najlepsze produkty, spe\u0142niaj\u0105ce wymagania jako\u015bci, niezawodno\u015bci oraz og\u00f3lnie przyj\u0119tych norm \u015brodowiskowych.&#8221; font_container=&#8221;tag:h2|font_size:20|text_align:left&#8221; use_theme_fonts=&#8221;yes&#8221; el_class=&#8221;fw-medium&#8221; css=&#8221;.vc_custom_1701340668967{margin-top: 0px !important;margin-bottom: 0px !important;}&#8221;]<div class=\"mf-empty-space \" style=\"\"><div class=\"mf_empty_space_lg\"  style=\"height: 20px\"><\/div><div class=\"mf_empty_space_md\"  style=\"height: 20px\"><\/div><div class=\"mf_empty_space_xs\"  style=\"height: 20px\"><\/div><\/div>[vc_column_text]Na naszej stronie internetowej znajdziesz wiele u\u017cytecznych informacji o naszych produktach, technologiach produkcji oraz mo\u017cliwo\u015bciach wsp\u00f3\u0142pracy z nasz\u0105 firm\u0105. Nasz zesp\u00f3\u0142 jest zawsze gotowy odpowiedzie\u0107 na wszystkie Twoje pytania i udzieli\u0107 wszelkich szczeg\u00f3\u0142owych informacji.<\/p>\n<p>Wierzymy, \u017ce wsp\u00f3\u0142praca z nami b\u0119dzie dla ciebie korzystna i przyjemna, a tak\u017ce mamy nadziej\u0119, \u017ce wybierzesz nas jako swojego niezawodnego partnera w dziedzinie pojemnik\u00f3w plastikowych.<\/p>\n<p>Mo\u017cesz skontaktowa\u0107 si\u0119 z nami w dowolny wygodny spos\u00f3b wskazany w danych kontaktowych na naszej stronie internetowej. Nasz zesp\u00f3\u0142 specjalist\u00f3w jest zawsze gotowy do wsp\u00f3\u0142pracy i otwarty na nowe mo\u017cliwo\u015bci.<\/p>\n<p>Z wyrazami szacunku,[\/vc_column_text]<div class=\"mf-empty-space \" style=\"\"><div class=\"mf_empty_space_lg\"  style=\"height: 25px\"><\/div><div class=\"mf_empty_space_md\"  style=\"height: 25px\"><\/div><div class=\"mf_empty_space_xs\"  style=\"height: 25px\"><\/div><\/div>[vc_single_image image=&#8221;4809&#8243; img_size=&#8221;full&#8221;]<div class=\"mf-empty-space \" style=\"\"><div class=\"mf_empty_space_lg\"  style=\"height: 15px\"><\/div><div class=\"mf_empty_space_md\"  style=\"height: 15px\"><\/div><div class=\"mf_empty_space_xs\"  style=\"height: 15px\"><\/div><\/div>[vc_column_text]Dyrektor SNP \u201eAPEX PLANT\u201d[\/vc_column_text]<div class=\"mf-empty-space \" style=\"\"><div class=\"mf_empty_space_lg\"  style=\"height: 50px\"><\/div><div class=\"mf_empty_space_md\"  style=\"height: 30px\"><\/div><div class=\"mf_empty_space_xs\"  style=\"height: 30px\"><\/div><\/div>[\/vc_column][vc_column css_animation=&#8221;fadeIn&#8221; width=&#8221;1\/4&#8243; offset=&#8221;vc_col-lg-4 vc_col-md-12&#8243;][vc_tta_accordion style=&#8221;flat&#8221; shape=&#8221;square&#8221; color=&#8221;white&#8221; c_icon=&#8221;chevron&#8221; active_section=&#8221;2&#8243;][vc_tta_section title=&#8221;Misja&#8221; tab_id=&#8221;1508747151686-14cd83fe-86c0&#8243;][vc_column_text]Produkcja wysokojako\u015bciowych pojemnik\u00f3w plastikowych spe\u0142niaj\u0105cych potrzeby i wymagania naszych klient\u00f3w. Chcemy tworzy\u0107 innowacyjne, niezawodne i przyjazne dla \u015brodowiska rozwi\u0105zania w zakresie pojemnik\u00f3w plastikowych dla r\u00f3\u017cnych bran\u017c przemys\u0142u, przyczyniaj\u0105c si\u0119 do rozwoju biznesu naszych partner\u00f3w i konsument\u00f3w.[\/vc_column_text][\/vc_tta_section][vc_tta_section title=&#8221;Cel&#8221; tab_id=&#8221;1508747188911-376a52e4-45e9&#8243;][vc_column_text]Celem jest sta\u0107 si\u0119 najlepsz\u0105 firm\u0105 w dziedzinie produkcji pojemnik\u00f3w z tworzyw sztucznych na rynku ukrai\u0144skim i mi\u0119dzynarodowym. Chcemy utrzyma\u0107 i poszerza\u0107 nasz\u0105 wiod\u0105c\u0105 pozycj\u0119 dzi\u0119ki najwy\u017cszym standardom jako\u015bci, innowacyjno\u015bci i spe\u0142nianiu potrzeb naszych klient\u00f3w.[\/vc_column_text][\/vc_tta_section][vc_tta_section title=&#8221;Strategia&#8221; tab_id=&#8221;1508747186558-5a68f830-d129&#8243;][vc_column_text]<strong> 1. Jako\u015b\u0107 i Innowacj<\/strong><strong>e<\/strong><strong>:<\/strong> Zawsze priorytetem jest dla nas ci\u0105g\u0142e doskonalenie jako\u015bci naszych produkt\u00f3w oraz ci\u0105g\u0142e wprowadzanie innowacyjnych technologii i materia\u0142\u00f3w do produkcji pojemnik\u00f3w plastikowych.<\/p>\n<p><strong> 2. Wsp\u00f3\u0142praca i <\/strong><strong>P<\/strong><strong>artnerstwo:<\/strong> Pragniemy rozwija\u0107 d\u0142ugoterminowe partnerskie relacje z naszymi klientami, zaspokajaj\u0105c ich potrzeby i pomagaj\u0105c im w osi\u0105ganiu ich cel\u00f3w.<\/p>\n<p><strong>3. Spo\u0142eczna <\/strong><strong>O<\/strong><strong>dpowiedzialno\u015b\u0107<\/strong>: Przyk\u0142adamy du\u017c\u0105 wag\u0119 do wp\u0142ywu naszej dzia\u0142alno\u015bci biznesowej na \u015brodowisko przyrodnicze i spo\u0142ecze\u0144stwo, przestrzegaj\u0105c zasad trwa\u0142ego rozwoju i odpowiedzialno\u015bci ekologicznej.[\/vc_column_text][\/vc_tta_section][\/vc_tta_accordion]<div class=\"mf-empty-space \" style=\"\"><div class=\"mf_empty_space_lg\"  style=\"height: 50px\"><\/div><div class=\"mf_empty_space_md\"  style=\"height: 30px\"><\/div><div class=\"mf_empty_space_xs\"  style=\"height: 30px\"><\/div><\/div>[\/vc_column][\/vc_row][vc_row css=&#8221;.vc_custom_1508747702557{background-color: #f2f2f2 !important;}&#8221;][vc_column css_animation=&#8221;fadeInLeft&#8221;]<div class=\"mf-empty-space \" style=\"\"><div class=\"mf_empty_space_lg\"  style=\"height: 80px\"><\/div><div class=\"mf_empty_space_md\"  style=\"height: 50px\"><\/div><div class=\"mf_empty_space_xs\"  style=\"height: 50px\"><\/div><\/div><div class=\"mf-section-title text-left dark large-size \"><h2 >Historia naszej firmy<\/h2><\/div><div class=\"mf-history \">\n            <div class=\"history-list owl-carousel\" id=\"history-slider-69e7674ccfd2b\"><div class=\"history-group\"><div class=\"history\"><div class=\"date\">2023<\/div><div class=\"history-content\"><h3 class=\"title\">Dzie\u0144 dzisiejszy<\/h3><div class=\"history-desc\"><p>Firma \u201eSTOWARZYSZENIE NAUKOWO-PRODUKCYJNE Apeks Plant\u201d jest jedn\u0105 z czo\u0142owych firm w dziedzinie produkcji pojemnik\u00f3w plastikowych i jeste\u015bmy dumni ze swojej reputacji jako niezawodnego i innowacyjnego partnera dla naszych klient\u00f3w.<\/p><\/div><\/div><\/div><div class=\"history\"><div class=\"date\">2023<\/div><div class=\"history-content\"><h3 class=\"title\">Rozszerzenie asortymentu<\/h3><div class=\"history-desc\"><p>Dodali\u015bmy nowe rodzaje plastikowych kanistr\u00f3w, aby sprosta\u0107 r\u00f3\u017cnym potrzebom naszych klient\u00f3w.<\/p><\/div><\/div><\/div><\/div><div class=\"history-group\"><div class=\"history\"><div class=\"date\">2022<\/div><div class=\"history-content\"><h3 class=\"title\">Ekologiczna odpowiedzialno\u015b\u0107<\/h3><div class=\"history-desc\"><p>Aktywnie rozpocz\u0119li\u015bmy prac\u0119 nad ograniczeniem wp\u0142ywu naszej dzia\u0142alno\u015bci na \u015brodowisko i wdro\u017cyli\u015bmy inicjatywy proekologiczne.<\/p><\/div><\/div><\/div><div class=\"history\"><div class=\"date\">2022<\/div><div class=\"history-content\"><h3 class=\"title\">Innowacje i standardy jako\u015bci<\/h3><div class=\"history-desc\"><p>Nasza firma wdro\u017cy\u0142a innowacyjne technologie produkcji i wyznaczy\u0142a wysokie standardy jako\u015bciowe dla swoich produkt\u00f3w.<\/p><\/div><\/div><\/div><\/div><div class=\"history-group\"><div class=\"history\"><div class=\"date\">2022<\/div><div class=\"history-content\"><h3 class=\"title\">Wsp\u00f3\u0142praca z klientami<\/h3><div class=\"history-desc\"><p>Rozpocz\u0119li\u015bmy wsp\u00f3\u0142prac\u0119 z naszymi pierwszymi wa\u017cnymi klientami, zdobywaj\u0105c zaufanie i autorytet.<\/p><\/div><\/div><\/div><div class=\"history\"><div class=\"date\">2022<\/div><div class=\"history-content\"><h3 class=\"title\">Pierwszy krok do sukcesu<\/h3><div class=\"history-desc\"><p>Otworzyli\u015bmy w\u0142asn\u0105 produkcj\u0119. Wyprodukowano pierwsz\u0105 parti\u0119 pojemnik\u00f3w plastikowych, co zapocz\u0105tkowa\u0142o nasz\u0105 dzia\u0142alno\u015b\u0107.<\/p><\/div><\/div><\/div><\/div><div class=\"history-group\"><div class=\"history\"><div class=\"date\">2018<\/div><div class=\"history-content\"><h3 class=\"title\">Rok za\u0142o\u017cenia<\/h3><div class=\"history-desc\"><p>Zosta\u0142a za\u0142o\u017cona firma \u201eSTOWARZYSZENIE NAUKOWO-PRODUKCYJNE Apeks Plant\u201d.<\/p><\/div><\/div><\/div><\/div><\/div>\n        <\/div><div class=\"mf-empty-space \" style=\"\"><div class=\"mf_empty_space_lg\"  style=\"height: 80px\"><\/div><div class=\"mf_empty_space_md\"  style=\"height: 50px\"><\/div><div class=\"mf_empty_space_xs\"  style=\"height: 50px\"><\/div><\/div>[\/vc_column][\/vc_row][vc_row][vc_column css_animation=&#8221;fadeIn&#8221;]<div class=\"mf-empty-space \" style=\"\"><div class=\"mf_empty_space_lg\"  style=\"height: 80px\"><\/div><div class=\"mf_empty_space_md\"  style=\"height: 50px\"><\/div><div class=\"mf_empty_space_xs\"  style=\"height: 50px\"><\/div><\/div><div class=\"mf-section-title text-center dark large-size \"><h2 >Dlaczego w\u0142a\u015bnie my?<\/h2><\/div><div class=\"mf-empty-space \" style=\"\"><div class=\"mf_empty_space_lg\"  style=\"height: 55px\"><\/div><div class=\"mf_empty_space_md\"  style=\"height: 30px\"><\/div><div class=\"mf_empty_space_xs\"  style=\"height: 30px\"><\/div><\/div>[vc_row_inner][vc_column_inner width=&#8221;1\/2&#8243; offset=&#8221;vc_col-lg-6 vc_col-md-6&#8243;]<div class=\"mf-icon-box icon_type-flaticon icon_style-has-background-color icon_position-left icon_size-large box-dark \"><span class=\"mf-icon\"><i class=\"flaticon-pinwheel\"><\/i><\/span><div class=\"box-wrapper\"><h2 class=\"box-title\"><a href=\"#\" title=\"Clean Unpolluted\" target=\"_blank\">Wysoka jako\u015b\u0107 produkt\u00f3w:<\/a><\/h2><div class=\"desc\">Nasz zesp\u00f3\u0142 zawsze stawia jako\u015b\u0107 na pierwszym miejscu. Nasze pojemniki plastikowe produkowane s\u0105 za pomoc\u0105 zaawansowanych technologii i spe\u0142niaj\u0105 najwy\u017csze standardy jako\u015bci. Konsumenci wybieraj\u0105 nas ze wzgl\u0119du na pewno\u015b\u0107, \u017ce nasze produkty nigdy ich nie zawiod\u0105.<\/p>\n<p><\/div><\/div><\/div><div class=\"mf-empty-space \" style=\"\"><div class=\"mf_empty_space_lg\"  style=\"height: 38px\"><\/div><div class=\"mf_empty_space_md\"  style=\"height: 30px\"><\/div><div class=\"mf_empty_space_xs\"  style=\"height: 30px\"><\/div><\/div>[\/vc_column_inner][vc_column_inner width=&#8221;1\/2&#8243;]<div class=\"mf-icon-box icon_type-flaticon icon_style-has-background-color icon_position-left icon_size-large box-dark \"><span class=\"mf-icon\"><i class=\"flaticon-music\"><\/i><\/span><div class=\"box-wrapper\"><h2 class=\"box-title\"><a href=\"#\" title=\"Lasting &amp; Long Term\" target=\"_blank\">Szeroki asortyment:<\/a><\/h2><div class=\"desc\">Nasza firma oferuje szeroki asortyment pojemnik\u00f3w plastikowych (w tym kanistry i flakony o r\u00f3\u017cnych pojemno\u015bciach i konfiguracjach). Dzi\u0119ki temu klienci mog\u0105 znale\u017a\u0107 rozwi\u0105zanie konkretnie odpowiadaj\u0105ce ich potrzebom i wymaganiom.<\/div><\/div><\/div><div class=\"mf-empty-space \" style=\"\"><div class=\"mf_empty_space_lg\"  style=\"height: 38px\"><\/div><div class=\"mf_empty_space_md\"  style=\"height: 30px\"><\/div><div class=\"mf_empty_space_xs\"  style=\"height: 30px\"><\/div><\/div>[\/vc_column_inner][\/vc_row_inner]<div class=\"mf-icon-box icon_type-flaticon icon_style-has-background-color icon_position-left icon_size-large box-dark \"><span class=\"mf-icon\"><i class=\"flaticon-road\"><\/i><\/span><div class=\"box-wrapper\"><h2 class=\"box-title\"><a href=\"#\" title=\"Easy and Affortable\" target=\"_blank\">Niezawodna partnerska wsp\u00f3\u0142praca:<\/a><\/h2><div class=\"desc\">Nasza firma jest zawsze gotowa do wsp\u00f3\u0142pracy, poniewa\u017c rozumiemy znaczenie indywidualnego podej\u015bcia do ka\u017cdego klienta. Nasz zesp\u00f3\u0142 specjalist\u00f3w gwarantuje profesjonalne wsparcie, monitoruje terminowo\u015b\u0107 dostaw towar\u00f3w i jest zawsze otwarty na wsp\u00f3\u0142prac\u0119 przy rozwi\u0105zywaniu wszelkich pyta\u0144 i wyzwa\u0144, kt\u00f3re maj\u0105 nasi klienci.<\/p>\n<p><\/div><\/div><\/div><div class=\"mf-empty-space \" style=\"\"><div class=\"mf_empty_space_lg\"  style=\"height: 80px\"><\/div><div class=\"mf_empty_space_md\"  style=\"height: 50px\"><\/div><div class=\"mf_empty_space_xs\"  style=\"height: 50px\"><\/div><\/div>[\/vc_column][\/vc_row][vc_row equal_height=&#8221;yes&#8221; content_placement=&#8221;middle&#8221; enable_parallax=&#8221;yes&#8221; css=&#8221;.vc_custom_1580721032455{padding-top: 50px !important;padding-bottom: 50px !important;background-image: url(http:\/\/demo2.steelthemes.com\/induscity\/wp-content\/uploads\/sites\/9\/2020\/02\/action-bg-1.jpg?id=3888) !important;}&#8221;][vc_column][vc_custom_heading text=&#8221;Wierzymy, \u017ce Tw\u00f3j sukces jest r\u00f3wnie\u017c naszym sukcesem.<br \/>\nW\u0142a\u015bnie dlatego skupiamy si\u0119 na dostarczaniu Ci najlepszych rozwi\u0105za\u0144 w zakresie pojemnik\u00f3w plastikowych, aby Tw\u00f3j biznes m\u00f3g\u0142 si\u0119 rozwija\u0107.&#8221; font_container=&#8221;tag:h2|font_size:20|text_align:center&#8221; use_theme_fonts=&#8221;yes&#8221; css_animation=&#8221;fadeIn&#8221; el_class=&#8221;fw-medium main-color&#8221; css=&#8221;.vc_custom_1701342155803{margin-top: 0px !important;margin-bottom: 0px !important;}&#8221;]<div class=\"mf-empty-space \" style=\"\"><div class=\"mf_empty_space_lg\" ><\/div><div class=\"mf_empty_space_md\" ><\/div><div class=\"mf_empty_space_xs\"  style=\"height: 30px\"><\/div><\/div>[\/vc_column][\/vc_row][vc_row][vc_column][vc_video link=&#8221;https:\/\/youtu.be\/t9TrVqbIjbw&#8221; el_aspect=&#8221;235&#8243; align=&#8221;center&#8221; css_animation=&#8221;fadeIn&#8221; css=&#8221;.vc_custom_1698481970539{margin-top: 50px !important;margin-bottom: 50px !important;}&#8221;][\/vc_column][\/vc_row]<\/p>\n<\/section>","protected":false},"excerpt":{"rendered":"<p>[vc_row][vc_column][\/vc_column][\/vc_row][vc_row][vc_column css_animation=&#8221;fadeIn&#8221; width=&#8221;1\/4&#8243; offset=&#8221;vc_col-lg-4 vc_col-md-12&#8243;][vc_single_image image=&#8221;4471&#8243; img_size=&#8221;370&#215;360&#8243;][\/vc_column][vc_column css_animation=&#8221;fadeIn&#8221; width=&#8221;1\/2&#8243; offset=&#8221;vc_col-lg-4 vc_col-md-12&#8243;][vc_custom_heading text=&#8221;Firma \u201eSTOWARZYSZENIE NAUKOWO-PRODUKCYJNE Apeks Plant\u201d specjalizuje si\u0119 w produkcji wysokojako\u015bciowych pojemnik\u00f3w plastikowych, kt\u00f3re przeznaczone s\u0105 do r\u00f3\u017cnych potrzeb i bran\u017c. Zawsze chcemy dostarcza\u0107 Pa\u0144stwu tylko najlepsze produkty, spe\u0142niaj\u0105ce wymagania jako\u015bci, niezawodno\u015bci oraz og\u00f3lnie przyj\u0119tych norm \u015brodowiskowych.&#8221; font_container=&#8221;tag:h2|font_size:20|text_align:left&#8221; use_theme_fonts=&#8221;yes&#8221; el_class=&#8221;fw-medium&#8221; css=&#8221;.vc_custom_1701340668967{margin-top: 0px !important;margin-bottom: 0px !important;}&#8221;][vc_column_text]Na [&hellip;]<\/p>\n","protected":false},"author":1,"featured_media":0,"parent":0,"menu_order":0,"comment_status":"closed","ping_status":"closed","template":"template-fullwidth.php","meta":{"footnotes":""},"class_list":["post-3946","page","type-page","status-publish","hentry","no-thumb"],"translation":{"provider":"WPGlobus","version":"3.0.0","language":"pl","enabled_languages":["uk","en","pl"],"languages":{"uk":{"title":true,"content":true,"excerpt":false},"en":{"title":true,"content":true,"excerpt":false},"pl":{"title":true,"content":true,"excerpt":false}}},"yoast_head":"<!-- This site is optimized with the Yoast SEO plugin v25.7 - https:\/\/yoast.com\/wordpress\/plugins\/seo\/ -->\n<title>O nas - SPA APEX PLANT LLC<\/title>\n<meta name=\"robots\" content=\"index, follow, max-snippet:-1, max-image-preview:large, max-video-preview:-1\" \/>\n<link rel=\"canonical\" href=\"https:\/\/apex-plant.com\/about-us\/\" \/>\n<meta property=\"og:locale\" content=\"pl_PL\" \/>\n<meta property=\"og:type\" content=\"article\" \/>\n<meta property=\"og:title\" content=\"O nas - SPA APEX PLANT LLC\" \/>\n<meta property=\"og:url\" content=\"https:\/\/apex-plant.com\/about-us\/\" \/>\n<meta property=\"og:site_name\" content=\"SPA APEX PLANT LLC\" \/>\n<meta property=\"article:publisher\" content=\"https:\/\/www.facebook.com\/ApexPlant\" \/>\n<meta property=\"article:modified_time\" content=\"2023-11-30T11:43:29+00:00\" \/>\n<meta name=\"twitter:card\" content=\"summary_large_image\" \/>\n<meta name=\"twitter:label1\" content=\"Szacowany czas czytania\" \/>\n\t<meta name=\"twitter:data1\" content=\"4 minuty\" \/>\n<script type=\"application\/ld+json\" class=\"yoast-schema-graph\">{\"@context\":\"https:\/\/schema.org\",\"@graph\":[{\"@type\":\"WebPage\",\"@id\":\"https:\/\/apex-plant.com\/about-us\/\",\"url\":\"https:\/\/apex-plant.com\/about-us\/\",\"name\":\"O nas - SPA APEX PLANT LLC\",\"isPartOf\":{\"@id\":\"https:\/\/apex-plant.com\/#website\"},\"datePublished\":\"2017-10-31T07:44:25+00:00\",\"dateModified\":\"2023-11-30T11:43:29+00:00\",\"breadcrumb\":{\"@id\":\"https:\/\/apex-plant.com\/about-us\/#breadcrumb\"},\"inLanguage\":\"pl-PL\",\"potentialAction\":[{\"@type\":\"ReadAction\",\"target\":[\"https:\/\/apex-plant.com\/about-us\/\"]}]},{\"@type\":\"BreadcrumbList\",\"@id\":\"https:\/\/apex-plant.com\/about-us\/#breadcrumb\",\"itemListElement\":[{\"@type\":\"ListItem\",\"position\":1,\"name\":\"\u0413\u043e\u043b\u043e\u0432\u043d\u0430\",\"item\":\"https:\/\/apex-plant.com\/\"},{\"@type\":\"ListItem\",\"position\":2,\"name\":\"\u041f\u0440\u043e \u043d\u0430\u0441\"}]},{\"@type\":\"WebSite\",\"@id\":\"https:\/\/apex-plant.com\/#website\",\"url\":\"https:\/\/apex-plant.com\/\",\"name\":\"{:uk}\u041a\u043e\u043c\u043f\u0430\u043d\u0456\u044f \u041d\u0412\u041e \u0410\u043f\u0435\u043a\u0441 \u041f\u043b\u0430\u043d\u0442{:}{:en}SPA APEX PLANT LLC{:}{:pl}SPA APEX PLANT LLC{:}\",\"description\":\"Producent pojemnik\u00f3w plastikowych\",\"publisher\":{\"@id\":\"https:\/\/apex-plant.com\/#organization\"},\"potentialAction\":[{\"@type\":\"SearchAction\",\"target\":{\"@type\":\"EntryPoint\",\"urlTemplate\":\"https:\/\/apex-plant.com\/?s={search_term_string}\"},\"query-input\":{\"@type\":\"PropertyValueSpecification\",\"valueRequired\":true,\"valueName\":\"search_term_string\"}}],\"inLanguage\":\"pl-PL\"},{\"@type\":\"Organization\",\"@id\":\"https:\/\/apex-plant.com\/#organization\",\"name\":\"{:uk}\u041a\u043e\u043c\u043f\u0430\u043d\u0456\u044f \u041d\u0412\u041e \u0410\u043f\u0435\u043a\u0441 \u041f\u043b\u0430\u043d\u0442{:}{:en}SPA APEX PLANT LLC{:}{:pl}SPA APEX PLANT LLC{:}\",\"url\":\"https:\/\/apex-plant.com\/\",\"logo\":{\"@type\":\"ImageObject\",\"inLanguage\":\"pl-PL\",\"@id\":\"https:\/\/apex-plant.com\/#\/schema\/logo\/image\/\",\"url\":\"https:\/\/apex-plant.com\/wp-content\/uploads\/2023\/03\/ApexPlantFavicon.png\",\"contentUrl\":\"https:\/\/apex-plant.com\/wp-content\/uploads\/2023\/03\/ApexPlantFavicon.png\",\"width\":512,\"height\":512,\"caption\":\"{:uk}\u041a\u043e\u043c\u043f\u0430\u043d\u0456\u044f \u041d\u0412\u041e \u0410\u043f\u0435\u043a\u0441 \u041f\u043b\u0430\u043d\u0442{:}{:en}SPA APEX PLANT LLC{:}{:pl}SPA APEX PLANT LLC{:}\"},\"image\":{\"@id\":\"https:\/\/apex-plant.com\/#\/schema\/logo\/image\/\"},\"sameAs\":[\"https:\/\/www.facebook.com\/ApexPlant\"]}]}<\/script>\n<!-- \/ Yoast SEO plugin. -->","yoast_head_json":{"title":"O nas - SPA APEX PLANT LLC","robots":{"index":"index","follow":"follow","max-snippet":"max-snippet:-1","max-image-preview":"max-image-preview:large","max-video-preview":"max-video-preview:-1"},"canonical":"https:\/\/apex-plant.com\/about-us\/","og_locale":"pl_PL","og_type":"article","og_title":"O nas - SPA APEX PLANT LLC","og_url":"https:\/\/apex-plant.com\/about-us\/","og_site_name":"SPA APEX PLANT LLC","article_publisher":"https:\/\/www.facebook.com\/ApexPlant","article_modified_time":"2023-11-30T11:43:29+00:00","twitter_card":"summary_large_image","twitter_misc":{"Szacowany czas czytania":"4 minuty"},"schema":{"@context":"https:\/\/schema.org","@graph":[{"@type":"WebPage","@id":"https:\/\/apex-plant.com\/about-us\/","url":"https:\/\/apex-plant.com\/about-us\/","name":"O nas - SPA APEX PLANT LLC","isPartOf":{"@id":"https:\/\/apex-plant.com\/#website"},"datePublished":"2017-10-31T07:44:25+00:00","dateModified":"2023-11-30T11:43:29+00:00","breadcrumb":{"@id":"https:\/\/apex-plant.com\/about-us\/#breadcrumb"},"inLanguage":"pl-PL","potentialAction":[{"@type":"ReadAction","target":["https:\/\/apex-plant.com\/about-us\/"]}]},{"@type":"BreadcrumbList","@id":"https:\/\/apex-plant.com\/about-us\/#breadcrumb","itemListElement":[{"@type":"ListItem","position":1,"name":"\u0413\u043e\u043b\u043e\u0432\u043d\u0430","item":"https:\/\/apex-plant.com\/"},{"@type":"ListItem","position":2,"name":"\u041f\u0440\u043e \u043d\u0430\u0441"}]},{"@type":"WebSite","@id":"https:\/\/apex-plant.com\/#website","url":"https:\/\/apex-plant.com\/","name":"{:uk}\u041a\u043e\u043c\u043f\u0430\u043d\u0456\u044f \u041d\u0412\u041e \u0410\u043f\u0435\u043a\u0441 \u041f\u043b\u0430\u043d\u0442{:}{:en}SPA APEX PLANT LLC{:}{:pl}SPA APEX PLANT LLC{:}","description":"Producent pojemnik\u00f3w plastikowych","publisher":{"@id":"https:\/\/apex-plant.com\/#organization"},"potentialAction":[{"@type":"SearchAction","target":{"@type":"EntryPoint","urlTemplate":"https:\/\/apex-plant.com\/?s={search_term_string}"},"query-input":{"@type":"PropertyValueSpecification","valueRequired":true,"valueName":"search_term_string"}}],"inLanguage":"pl-PL"},{"@type":"Organization","@id":"https:\/\/apex-plant.com\/#organization","name":"{:uk}\u041a\u043e\u043c\u043f\u0430\u043d\u0456\u044f \u041d\u0412\u041e \u0410\u043f\u0435\u043a\u0441 \u041f\u043b\u0430\u043d\u0442{:}{:en}SPA APEX PLANT LLC{:}{:pl}SPA APEX PLANT LLC{:}","url":"https:\/\/apex-plant.com\/","logo":{"@type":"ImageObject","inLanguage":"pl-PL","@id":"https:\/\/apex-plant.com\/#\/schema\/logo\/image\/","url":"https:\/\/apex-plant.com\/wp-content\/uploads\/2023\/03\/ApexPlantFavicon.png","contentUrl":"https:\/\/apex-plant.com\/wp-content\/uploads\/2023\/03\/ApexPlantFavicon.png","width":512,"height":512,"caption":"{:uk}\u041a\u043e\u043c\u043f\u0430\u043d\u0456\u044f \u041d\u0412\u041e \u0410\u043f\u0435\u043a\u0441 \u041f\u043b\u0430\u043d\u0442{:}{:en}SPA APEX PLANT LLC{:}{:pl}SPA APEX PLANT LLC{:}"},"image":{"@id":"https:\/\/apex-plant.com\/#\/schema\/logo\/image\/"},"sameAs":["https:\/\/www.facebook.com\/ApexPlant"]}]}},"_links":{"self":[{"href":"https:\/\/apex-plant.com\/pl\/wp-json\/wp\/v2\/pages\/3946","targetHints":{"allow":["GET"]}}],"collection":[{"href":"https:\/\/apex-plant.com\/pl\/wp-json\/wp\/v2\/pages"}],"about":[{"href":"https:\/\/apex-plant.com\/pl\/wp-json\/wp\/v2\/types\/page"}],"author":[{"embeddable":true,"href":"https:\/\/apex-plant.com\/pl\/wp-json\/wp\/v2\/users\/1"}],"replies":[{"embeddable":true,"href":"https:\/\/apex-plant.com\/pl\/wp-json\/wp\/v2\/comments?post=3946"}],"version-history":[{"count":0,"href":"https:\/\/apex-plant.com\/pl\/wp-json\/wp\/v2\/pages\/3946\/revisions"}],"wp:attachment":[{"href":"https:\/\/apex-plant.com\/pl\/wp-json\/wp\/v2\/media?parent=3946"}],"curies":[{"name":"wp","href":"https:\/\/api.w.org\/{rel}","templated":true}]}}