{"id":3948,"date":"2017-10-31T07:45:20","date_gmt":"2017-10-31T07:45:20","guid":{"rendered":"http:\/\/demo2.drfuri.com\/manufactory\/?page_id=37"},"modified":"2023-11-30T21:49:30","modified_gmt":"2023-11-30T19:49:30","slug":"contact","status":"publish","type":"page","link":"https:\/\/apex-plant.com\/en\/contact\/","title":{"rendered":"Contacts"},"content":{"rendered":"<section class=\"wpb-content-wrapper\"><p>[vc_row][vc_column]<div class=\"mf-empty-space \" style=\"\"><div class=\"mf_empty_space_lg\"  style=\"height: 80px\"><\/div><div class=\"mf_empty_space_md\"  style=\"height: 50px\"><\/div><div class=\"mf_empty_space_xs\"  style=\"height: 50px\"><\/div><\/div>[\/vc_column][\/vc_row][vc_row][vc_column]<div class=\"mf-section-title text-left dark large-size \"><h2 >Contact us:<\/h2><\/div><div class=\"mf-empty-space \" style=\"\"><div class=\"mf_empty_space_lg\"  style=\"height: 50px\"><\/div><div class=\"mf_empty_space_md\"  style=\"height: 30px\"><\/div><div class=\"mf_empty_space_xs\"  style=\"height: 30px\"><\/div><\/div>[vc_row_inner][vc_column_inner offset=&#8221;vc_col-lg-4 vc_col-md-12&#8243;]<div class=\"mf-contact-box clearfix \"><div class=\"mf-section-title text-left dark medium-size \"><h2 >We are located:<\/h2><\/div><div class=\"contact-info address\"><i class=\"flaticon-arrow\"><\/i><div><span>Address:<\/span> 36a, Karpatska Sich Str., Irshava, Zakarpattia region, 90100 Ukraine<\/div><\/div><div class=\"contact-info phone\"><i class=\"fa fa-phone\"><\/i><div><span>Call Us:<\/span> 0 800 750 440<\/div><\/div><div class=\"contact-info email\"><i class=\"flaticon-note\"><\/i><div><span>Mail Us:<\/span> office@apex-plant.com<\/div><\/div><ul class=\"contact-social\"><li class=\"facebook\">\n\t\t\t\t\t\t<a href=\"https:\/\/www.facebook.com\/ApexPlant\" target=\"_blank\">\n\t\t\t\t\t\t\t<i class=\"fa fa-facebook\"><\/i>\n\t\t\t\t\t\t<\/a>\n\t\t\t\t\t<\/li><\/ul><\/div><div class=\"mf-contact-box clearfix \"><ul class=\"contact-social\"><\/ul><\/div><div class=\"mf-empty-space \" style=\"\"><div class=\"mf_empty_space_lg\"  style=\"height: 80px\"><\/div><div class=\"mf_empty_space_md\"  style=\"height: 50px\"><\/div><div class=\"mf_empty_space_xs\"  style=\"height: 50px\"><\/div><\/div>[\/vc_column_inner][vc_column_inner offset=&#8221;vc_col-lg-4 vc_col-md-12&#8243;]<div class=\"mf-department \" id=\"department-slider-69d2dfdf35da5\">\n\t\t\t\t<div class=\"mf-section-title text-left dark medium-size \"><h2 >Contacts<\/h2><\/div>\n\t\t\t\t<div class=\"department-list owl-carousel\"><div class=\"department-group\"><div class=\"department-info \"><div class=\"department-avatar\"><img loading=\"lazy\" decoding=\"async\" class=\"\" src=\"https:\/\/apex-plant.com\/wp-content\/uploads\/2023\/10\/\u043a\u043e\u0440\u0437\u0438\u043d\u0430.jpg\" width=\"67\" height=\"64\" alt=\"\u043a\u043e\u0440\u0437\u0438\u043d\u0430\" title=\"\u043a\u043e\u0440\u0437\u0438\u043d\u0430\" \/><\/div><div class=\"info\"><h5 class=\"name\">Export Sales Department<\/h5><span class=\"phone\"><i class=\"fa fa-phone\"><\/i> +38 (057) 749-02-78<\/span><div class=\"mail\"><i class=\"fa fa-envelope\"><\/i>export_dep@apex-plant.com<\/div><\/div><\/div><div class=\"department-info \"><div class=\"department-avatar\"><img loading=\"lazy\" decoding=\"async\" class=\"\" src=\"https:\/\/apex-plant.com\/wp-content\/uploads\/2023\/10\/\u0434\u043e\u0441\u0442\u0430\u0432\u043a\u0430.jpg\" width=\"67\" height=\"64\" alt=\"\u0434\u043e\u0441\u0442\u0430\u0432\u043a\u0430\" title=\"\u0434\u043e\u0441\u0442\u0430\u0432\u043a\u0430\" \/><\/div><div class=\"info\"><h5 class=\"name\">Department of logistics<\/h5><span class=\"phone\"><i class=\"fa fa-phone\"><\/i>0 800 750 440<\/span><div class=\"mail\"><i class=\"fa fa-envelope\"><\/i>logist_dep@apex-plant.com<\/div><\/div><\/div><\/div><\/div>\n\t\t\t<\/div><div class=\"mf-empty-space \" style=\"\"><div class=\"mf_empty_space_lg\"  style=\"height: 80px\"><\/div><div class=\"mf_empty_space_md\"  style=\"height: 50px\"><\/div><div class=\"mf_empty_space_xs\"  style=\"height: 50px\"><\/div><\/div>[\/vc_column_inner][vc_column_inner offset=&#8221;vc_col-lg-4 vc_col-md-12&#8243;]<div class=\"mf-working-hour \"><div class=\"mf-section-title text-left dark medium-size \"><h2 >Harmonogram<\/h2><\/div><ul class=\"mf-list-hour\"><li><\/li><li><\/li><li><span class=\"day\">Monday<\/span><span class=\"hour\">08:00 - 17:00<\/span><\/li><li><span class=\"day\">Tuesday<\/span><span class=\"hour\">08:00 - 17:00<\/span><\/li><li><span class=\"day\">Wednesday<\/span><span class=\"hour\">08:00 - 17:00<\/span><\/li><li><span class=\"day\">Thursday<\/span><span class=\"hour\">08:00 - 17:00<\/span><\/li><li><span class=\"day\">Friday<\/span><span class=\"hour\">08:00 - 17:00<\/span><\/li><li><span class=\"day\">Saturday<\/span><span class=\"hour\">Weekend<\/span><\/li><li><span class=\"day\">Sunday<\/span><span class=\"hour\">Weekend<\/span><\/li><li><\/li><li><\/li><li><\/li><\/ul><\/div><div class=\"mf-empty-space \" style=\"\"><div class=\"mf_empty_space_lg\"  style=\"height: 80px\"><\/div><div class=\"mf_empty_space_md\"  style=\"height: 50px\"><\/div><div class=\"mf_empty_space_xs\"  style=\"height: 50px\"><\/div><\/div>[\/vc_column_inner][\/vc_row_inner][\/vc_column][\/vc_row][vc_row css=&#8221;.vc_custom_1508231584995{background-color: #f2f2f2 !important;}&#8221;][vc_column]<div class=\"mf-empty-space \" style=\"\"><div class=\"mf_empty_space_lg\"  style=\"height: 80px\"><\/div><div class=\"mf_empty_space_md\"  style=\"height: 50px\"><\/div><div class=\"mf_empty_space_xs\"  style=\"height: 50px\"><\/div><\/div><div class=\"mf-section-title text-center dark large-size \"><h2 >Informacja zwrotna<\/h2><\/div><div class=\"mf-empty-space \" style=\"\"><div class=\"mf_empty_space_lg\"  style=\"height: 25px\"><\/div><div class=\"mf_empty_space_md\"  style=\"height: 25px\"><\/div><div class=\"mf_empty_space_xs\"  style=\"height: 25px\"><\/div><\/div>[vc_column_text]<\/p>\n<div class=\"text-center\" style=\"font-size: 18px;\">Mo\u017cesz si\u0119 z nami skontaktowa\u0107 lub zada\u0107 nam pytanie korzystaj\u0105c z poni\u017cszego formularza.<\/div>\n<p>[\/vc_column_text]<div class=\"mf-empty-space \" style=\"\"><div class=\"mf_empty_space_lg\"  style=\"height: 40px\"><\/div><div class=\"mf_empty_space_md\"  style=\"height: 40px\"><\/div><div class=\"mf_empty_space_xs\"  style=\"height: 40px\"><\/div><\/div><div class=\"mf-contact-form-7 form-light \" style=\"\">\n<div class=\"wpcf7 no-js\" id=\"wpcf7-f4841-o1\" lang=\"en-US\" dir=\"ltr\" data-wpcf7-id=\"4841\">\n<div class=\"screen-reader-response\"><p role=\"status\" aria-live=\"polite\" aria-atomic=\"true\"><\/p> <ul><\/ul><\/div>\n<form action=\"\/en\/wp-json\/wp\/v2\/pages\/3948#wpcf7-f4841-o1\" method=\"post\" class=\"wpcf7-form init\" aria-label=\"Contact form\" novalidate=\"novalidate\" data-status=\"init\">\n<fieldset class=\"hidden-fields-container\"><input type=\"hidden\" name=\"_wpcf7\" value=\"4841\" \/><input type=\"hidden\" name=\"_wpcf7_version\" value=\"6.1.1\" \/><input type=\"hidden\" name=\"_wpcf7_locale\" value=\"en_US\" \/><input type=\"hidden\" name=\"_wpcf7_unit_tag\" value=\"wpcf7-f4841-o1\" \/><input type=\"hidden\" name=\"_wpcf7_container_post\" value=\"0\" \/><input type=\"hidden\" name=\"_wpcf7_posted_data_hash\" value=\"\" \/>\n<\/fieldset>\n<div class=\"mf-form mf-form-2\">\n\t<div class=\"row\">\n\t\t<div class=\"col-md-6 col-xs-12 col-sm-12 mf-input-field\">\n\t\t\t<p><span class=\"wpcf7-form-control-wrap\" data-name=\"your-name\"><input size=\"40\" maxlength=\"400\" class=\"wpcf7-form-control wpcf7-text wpcf7-validates-as-required\" aria-required=\"true\" aria-invalid=\"false\" placeholder=\"Name...*\" value=\"\" type=\"text\" name=\"your-name\" \/><\/span>\n\t\t\t<\/p>\n\t\t\t<p><span class=\"wpcf7-form-control-wrap\" data-name=\"your-email\"><input size=\"40\" maxlength=\"400\" class=\"wpcf7-form-control wpcf7-email wpcf7-validates-as-required wpcf7-text wpcf7-validates-as-email\" aria-required=\"true\" aria-invalid=\"false\" placeholder=\"Email...*\" value=\"\" type=\"email\" name=\"your-email\" \/><\/span>\n\t\t\t<\/p>\n\t\t\t<p><span class=\"wpcf7-form-control-wrap\" data-name=\"phone\"><input size=\"40\" maxlength=\"400\" class=\"wpcf7-form-control wpcf7-text\" aria-invalid=\"false\" placeholder=\"+000...\" value=\"\" type=\"text\" name=\"phone\" \/><\/span>\n\t\t\t<\/p>\n\t\t<\/div>\n\t\t<div class=\"col-md-6 col-xs-12 col-sm-12 mf-textarea-field\">\n\t\t\t<p><span class=\"wpcf7-form-control-wrap\" data-name=\"comment\"><textarea cols=\"40\" rows=\"10\" maxlength=\"2000\" class=\"wpcf7-form-control wpcf7-textarea\" aria-invalid=\"false\" placeholder=\"Wiadomo\u015b\u0107...\" name=\"comment\"><\/textarea><\/span>\n\t\t\t<\/p>\n\t\t<\/div>\n\t\t<div class=\"text-center mf-submit col-md-12 col-xs-12 col-sm-12\">\n\t\t\t<p><input class=\"wpcf7-form-control wpcf7-submit has-spinner\" type=\"submit\" value=\"Wys\u0142a\u0107\" \/>\n\t\t\t<\/p>\n\t\t<\/div>\n\t<\/div>\n<\/div><input type='hidden' class='wpcf7-pum' value='{\"closepopup\":false,\"closedelay\":0,\"openpopup\":false,\"openpopup_id\":0}' \/><div class=\"wpcf7-response-output\" aria-hidden=\"true\"><\/div>\n<\/form>\n<\/div>\n<\/div><div class=\"mf-empty-space \" style=\"\"><div class=\"mf_empty_space_lg\"  style=\"height: 80px\"><\/div><div class=\"mf_empty_space_md\"  style=\"height: 50px\"><\/div><div class=\"mf_empty_space_xs\"  style=\"height: 50px\"><\/div><\/div>[\/vc_column][\/vc_row][vc_row full_width=&#8221;stretch_row_content_no_spaces&#8221; disable_element=&#8221;yes&#8221;][vc_column]Something went wrong while retrieving your map, please ensure you have entered the short code correctly.[\/vc_column][\/vc_row][vc_row full_width=&#8221;stretch_row_content_no_spaces&#8221;][vc_column][vc_gmaps link=&#8221;#E-8_JTNDaWZyYW1lJTIwc3JjJTNEJTIyaHR0cHMlM0ElMkYlMkZ3d3cuZ29vZ2xlLmNvbSUyRm1hcHMlMkZlbWJlZCUzRnBiJTNEJTIxMW0xNCUyMTFtMTIlMjExbTMlMjExZDI2NTIuOTI4Njc0MzY5NDMxJTIxMmQyMy4wNDc0MTcwNDI5MzQ5NCUyMTNkNDguMzIzNDUyNjA1OTMwMDIlMjEybTMlMjExZjAlMjEyZjAlMjEzZjAlMjEzbTIlMjExaTEwMjQlMjEyaTc2OCUyMTRmMTMuMSUyMTVlMCUyMTNtMiUyMTFzcnUlMjEyc3VhJTIxNHYxNjk2ODQ5NzU1MzMwJTIxNW0yJTIxMXNydSUyMTJzdWElMjIlMjB3aWR0aCUzRCUyMjYwMCUyMiUyMGhlaWdodCUzRCUyMjQ1MCUyMiUyMHN0eWxlJTNEJTIyYm9yZGVyJTNBMCUzQiUyMiUyMGFsbG93ZnVsbHNjcmVlbiUzRCUyMiUyMiUyMGxvYWRpbmclM0QlMjJsYXp5JTIyJTIwcmVmZXJyZXJwb2xpY3klM0QlMjJuby1yZWZlcnJlci13aGVuLWRvd25ncmFkZSUyMiUzRSUzQyUyRmlmcmFtZSUzRQ==&#8221;][\/vc_column][\/vc_row]<\/p>\n<\/section>","protected":false},"excerpt":{"rendered":"<p>[vc_row][vc_column][\/vc_column][\/vc_row][vc_row][vc_column][vc_row_inner][vc_column_inner offset=&#8221;vc_col-lg-4 vc_col-md-12&#8243;][\/vc_column_inner][vc_column_inner offset=&#8221;vc_col-lg-4 vc_col-md-12&#8243;][\/vc_column_inner][vc_column_inner offset=&#8221;vc_col-lg-4 vc_col-md-12&#8243;][\/vc_column_inner][\/vc_row_inner][\/vc_column][\/vc_row][vc_row css=&#8221;.vc_custom_1508231584995{background-color: #f2f2f2 !important;}&#8221;][vc_column][vc_column_text] Mo\u017cesz si\u0119 z nami skontaktowa\u0107 lub zada\u0107 nam pytanie korzystaj\u0105c z poni\u017cszego formularza. [\/vc_column_text][\/vc_column][\/vc_row][vc_row full_width=&#8221;stretch_row_content_no_spaces&#8221; disable_element=&#8221;yes&#8221;][vc_column][\/vc_column][\/vc_row][vc_row full_width=&#8221;stretch_row_content_no_spaces&#8221;][vc_column][vc_gmaps link=&#8221;#E-8_JTNDaWZyYW1lJTIwc3JjJTNEJTIyaHR0cHMlM0ElMkYlMkZ3d3cuZ29vZ2xlLmNvbSUyRm1hcHMlMkZlbWJlZCUzRnBiJTNEJTIxMW0xNCUyMTFtMTIlMjExbTMlMjExZDI2NTIuOTI4Njc0MzY5NDMxJTIxMmQyMy4wNDc0MTcwNDI5MzQ5NCUyMTNkNDguMzIzNDUyNjA1OTMwMDIlMjEybTMlMjExZjAlMjEyZjAlMjEzZjAlMjEzbTIlMjExaTEwMjQlMjEyaTc2OCUyMTRmMTMuMSUyMTVlMCUyMTNtMiUyMTFzcnUlMjEyc3VhJTIxNHYxNjk2ODQ5NzU1MzMwJTIxNW0yJTIxMXNydSUyMTJzdWElMjIlMjB3aWR0aCUzRCUyMjYwMCUyMiUyMGhlaWdodCUzRCUyMjQ1MCUyMiUyMHN0eWxlJTNEJTIyYm9yZGVyJTNBMCUzQiUyMiUyMGFsbG93ZnVsbHNjcmVlbiUzRCUyMiUyMiUyMGxvYWRpbmclM0QlMjJsYXp5JTIyJTIwcmVmZXJyZXJwb2xpY3klM0QlMjJuby1yZWZlcnJlci13aGVuLWRvd25ncmFkZSUyMiUzRSUzQyUyRmlmcmFtZSUzRQ==&#8221;][\/vc_column][\/vc_row]<\/p>\n","protected":false},"author":1,"featured_media":0,"parent":0,"menu_order":0,"comment_status":"closed","ping_status":"closed","template":"template-fullwidth.php","meta":{"footnotes":""},"class_list":["post-3948","page","type-page","status-publish","hentry","no-thumb"],"translation":{"provider":"WPGlobus","version":"3.0.0","language":"en","enabled_languages":["uk","en","pl"],"languages":{"uk":{"title":true,"content":true,"excerpt":false},"en":{"title":true,"content":true,"excerpt":false},"pl":{"title":true,"content":true,"excerpt":false}}},"yoast_head":"<!-- This site is optimized with the Yoast SEO plugin v25.7 - https:\/\/yoast.com\/wordpress\/plugins\/seo\/ -->\n<title>Contacts - SPA APEX PLANT LLC<\/title>\n<meta name=\"robots\" content=\"index, follow, max-snippet:-1, max-image-preview:large, max-video-preview:-1\" \/>\n<link rel=\"canonical\" href=\"https:\/\/apex-plant.com\/contact\/\" \/>\n<meta property=\"og:locale\" content=\"en_US\" \/>\n<meta property=\"og:type\" content=\"article\" \/>\n<meta property=\"og:title\" content=\"Contacts - SPA APEX PLANT LLC\" \/>\n<meta property=\"og:url\" content=\"https:\/\/apex-plant.com\/contact\/\" \/>\n<meta property=\"og:site_name\" content=\"SPA APEX PLANT LLC\" \/>\n<meta property=\"article:publisher\" content=\"https:\/\/www.facebook.com\/ApexPlant\" \/>\n<meta property=\"article:modified_time\" content=\"2023-11-30T19:49:30+00:00\" \/>\n<meta name=\"twitter:card\" content=\"summary_large_image\" \/>\n<meta name=\"twitter:label1\" content=\"Est. reading time\" \/>\n\t<meta name=\"twitter:data1\" content=\"1 minute\" \/>\n<script type=\"application\/ld+json\" class=\"yoast-schema-graph\">{\"@context\":\"https:\/\/schema.org\",\"@graph\":[{\"@type\":\"WebPage\",\"@id\":\"https:\/\/apex-plant.com\/contact\/\",\"url\":\"https:\/\/apex-plant.com\/contact\/\",\"name\":\"Contacts - SPA APEX PLANT LLC\",\"isPartOf\":{\"@id\":\"https:\/\/apex-plant.com\/#website\"},\"datePublished\":\"2017-10-31T07:45:20+00:00\",\"dateModified\":\"2023-11-30T19:49:30+00:00\",\"breadcrumb\":{\"@id\":\"https:\/\/apex-plant.com\/contact\/#breadcrumb\"},\"inLanguage\":\"en-US\",\"potentialAction\":[{\"@type\":\"ReadAction\",\"target\":[\"https:\/\/apex-plant.com\/contact\/\"]}]},{\"@type\":\"BreadcrumbList\",\"@id\":\"https:\/\/apex-plant.com\/contact\/#breadcrumb\",\"itemListElement\":[{\"@type\":\"ListItem\",\"position\":1,\"name\":\"\u0413\u043e\u043b\u043e\u0432\u043d\u0430\",\"item\":\"https:\/\/apex-plant.com\/\"},{\"@type\":\"ListItem\",\"position\":2,\"name\":\"\u041a\u043e\u043d\u0442\u0430\u043a\u0442\u0438\"}]},{\"@type\":\"WebSite\",\"@id\":\"https:\/\/apex-plant.com\/#website\",\"url\":\"https:\/\/apex-plant.com\/\",\"name\":\"{:uk}\u041a\u043e\u043c\u043f\u0430\u043d\u0456\u044f \u041d\u0412\u041e \u0410\u043f\u0435\u043a\u0441 \u041f\u043b\u0430\u043d\u0442{:}{:en}SPA APEX PLANT LLC{:}{:pl}SPA APEX PLANT LLC{:}\",\"description\":\"Manufacturer of plastic canisters\",\"publisher\":{\"@id\":\"https:\/\/apex-plant.com\/#organization\"},\"potentialAction\":[{\"@type\":\"SearchAction\",\"target\":{\"@type\":\"EntryPoint\",\"urlTemplate\":\"https:\/\/apex-plant.com\/?s={search_term_string}\"},\"query-input\":{\"@type\":\"PropertyValueSpecification\",\"valueRequired\":true,\"valueName\":\"search_term_string\"}}],\"inLanguage\":\"en-US\"},{\"@type\":\"Organization\",\"@id\":\"https:\/\/apex-plant.com\/#organization\",\"name\":\"{:uk}\u041a\u043e\u043c\u043f\u0430\u043d\u0456\u044f \u041d\u0412\u041e \u0410\u043f\u0435\u043a\u0441 \u041f\u043b\u0430\u043d\u0442{:}{:en}SPA APEX PLANT LLC{:}{:pl}SPA APEX PLANT LLC{:}\",\"url\":\"https:\/\/apex-plant.com\/\",\"logo\":{\"@type\":\"ImageObject\",\"inLanguage\":\"en-US\",\"@id\":\"https:\/\/apex-plant.com\/#\/schema\/logo\/image\/\",\"url\":\"https:\/\/apex-plant.com\/wp-content\/uploads\/2023\/03\/ApexPlantFavicon.png\",\"contentUrl\":\"https:\/\/apex-plant.com\/wp-content\/uploads\/2023\/03\/ApexPlantFavicon.png\",\"width\":512,\"height\":512,\"caption\":\"{:uk}\u041a\u043e\u043c\u043f\u0430\u043d\u0456\u044f \u041d\u0412\u041e \u0410\u043f\u0435\u043a\u0441 \u041f\u043b\u0430\u043d\u0442{:}{:en}SPA APEX PLANT LLC{:}{:pl}SPA APEX PLANT LLC{:}\"},\"image\":{\"@id\":\"https:\/\/apex-plant.com\/#\/schema\/logo\/image\/\"},\"sameAs\":[\"https:\/\/www.facebook.com\/ApexPlant\"]}]}<\/script>\n<!-- \/ Yoast SEO plugin. -->","yoast_head_json":{"title":"Contacts - SPA APEX PLANT LLC","robots":{"index":"index","follow":"follow","max-snippet":"max-snippet:-1","max-image-preview":"max-image-preview:large","max-video-preview":"max-video-preview:-1"},"canonical":"https:\/\/apex-plant.com\/contact\/","og_locale":"en_US","og_type":"article","og_title":"Contacts - SPA APEX PLANT LLC","og_url":"https:\/\/apex-plant.com\/contact\/","og_site_name":"SPA APEX PLANT LLC","article_publisher":"https:\/\/www.facebook.com\/ApexPlant","article_modified_time":"2023-11-30T19:49:30+00:00","twitter_card":"summary_large_image","twitter_misc":{"Est. reading time":"1 minute"},"schema":{"@context":"https:\/\/schema.org","@graph":[{"@type":"WebPage","@id":"https:\/\/apex-plant.com\/contact\/","url":"https:\/\/apex-plant.com\/contact\/","name":"Contacts - SPA APEX PLANT LLC","isPartOf":{"@id":"https:\/\/apex-plant.com\/#website"},"datePublished":"2017-10-31T07:45:20+00:00","dateModified":"2023-11-30T19:49:30+00:00","breadcrumb":{"@id":"https:\/\/apex-plant.com\/contact\/#breadcrumb"},"inLanguage":"en-US","potentialAction":[{"@type":"ReadAction","target":["https:\/\/apex-plant.com\/contact\/"]}]},{"@type":"BreadcrumbList","@id":"https:\/\/apex-plant.com\/contact\/#breadcrumb","itemListElement":[{"@type":"ListItem","position":1,"name":"\u0413\u043e\u043b\u043e\u0432\u043d\u0430","item":"https:\/\/apex-plant.com\/"},{"@type":"ListItem","position":2,"name":"\u041a\u043e\u043d\u0442\u0430\u043a\u0442\u0438"}]},{"@type":"WebSite","@id":"https:\/\/apex-plant.com\/#website","url":"https:\/\/apex-plant.com\/","name":"{:uk}\u041a\u043e\u043c\u043f\u0430\u043d\u0456\u044f \u041d\u0412\u041e \u0410\u043f\u0435\u043a\u0441 \u041f\u043b\u0430\u043d\u0442{:}{:en}SPA APEX PLANT LLC{:}{:pl}SPA APEX PLANT LLC{:}","description":"Manufacturer of plastic canisters","publisher":{"@id":"https:\/\/apex-plant.com\/#organization"},"potentialAction":[{"@type":"SearchAction","target":{"@type":"EntryPoint","urlTemplate":"https:\/\/apex-plant.com\/?s={search_term_string}"},"query-input":{"@type":"PropertyValueSpecification","valueRequired":true,"valueName":"search_term_string"}}],"inLanguage":"en-US"},{"@type":"Organization","@id":"https:\/\/apex-plant.com\/#organization","name":"{:uk}\u041a\u043e\u043c\u043f\u0430\u043d\u0456\u044f \u041d\u0412\u041e \u0410\u043f\u0435\u043a\u0441 \u041f\u043b\u0430\u043d\u0442{:}{:en}SPA APEX PLANT LLC{:}{:pl}SPA APEX PLANT LLC{:}","url":"https:\/\/apex-plant.com\/","logo":{"@type":"ImageObject","inLanguage":"en-US","@id":"https:\/\/apex-plant.com\/#\/schema\/logo\/image\/","url":"https:\/\/apex-plant.com\/wp-content\/uploads\/2023\/03\/ApexPlantFavicon.png","contentUrl":"https:\/\/apex-plant.com\/wp-content\/uploads\/2023\/03\/ApexPlantFavicon.png","width":512,"height":512,"caption":"{:uk}\u041a\u043e\u043c\u043f\u0430\u043d\u0456\u044f \u041d\u0412\u041e \u0410\u043f\u0435\u043a\u0441 \u041f\u043b\u0430\u043d\u0442{:}{:en}SPA APEX PLANT LLC{:}{:pl}SPA APEX PLANT LLC{:}"},"image":{"@id":"https:\/\/apex-plant.com\/#\/schema\/logo\/image\/"},"sameAs":["https:\/\/www.facebook.com\/ApexPlant"]}]}},"_links":{"self":[{"href":"https:\/\/apex-plant.com\/en\/wp-json\/wp\/v2\/pages\/3948","targetHints":{"allow":["GET"]}}],"collection":[{"href":"https:\/\/apex-plant.com\/en\/wp-json\/wp\/v2\/pages"}],"about":[{"href":"https:\/\/apex-plant.com\/en\/wp-json\/wp\/v2\/types\/page"}],"author":[{"embeddable":true,"href":"https:\/\/apex-plant.com\/en\/wp-json\/wp\/v2\/users\/1"}],"replies":[{"embeddable":true,"href":"https:\/\/apex-plant.com\/en\/wp-json\/wp\/v2\/comments?post=3948"}],"version-history":[{"count":0,"href":"https:\/\/apex-plant.com\/en\/wp-json\/wp\/v2\/pages\/3948\/revisions"}],"wp:attachment":[{"href":"https:\/\/apex-plant.com\/en\/wp-json\/wp\/v2\/media?parent=3948"}],"curies":[{"name":"wp","href":"https:\/\/api.w.org\/{rel}","templated":true}]}}